{"id":89,"date":"2015-12-01T11:41:08","date_gmt":"2015-12-01T10:41:08","guid":{"rendered":"http:\/\/www.doppelgangerforlag.se\/?page_id=89"},"modified":"2016-01-12T14:49:48","modified_gmt":"2016-01-12T13:49:48","slug":"fredrik-kullenberg","status":"publish","type":"page","link":"https:\/\/www.doppelgangerforlag.se\/?page_id=89","title":{"rendered":"Nils Fredrik Kullenberg"},"content":{"rendered":"<div id=\"attachment_129\" style=\"width: 210px\" class=\"wp-caption alignleft\"><a href=\"https:\/\/www.doppelgangerforlag.se\/wp-content\/uploads\/2015\/12\/Freddan1.1-e1452371980239.jpg\" rel=\"attachment wp-att-129\"><img aria-describedby=\"caption-attachment-129\" loading=\"lazy\" class=\"wp-image-129 size-full\" src=\"https:\/\/www.doppelgangerforlag.se\/wp-content\/uploads\/2015\/12\/Freddan1.1-e1452371980239.jpg\" alt=\"\" width=\"200\" height=\"283\" \/><\/a><p id=\"caption-attachment-129\" class=\"wp-caption-text\">Foto: Peter Lindskog Svensson<\/p><\/div>\n<p>Nils Fredrik Kullenberg \u00e4r f\u00f6dd i Bolln\u00e4s h\u00f6sten 1978. V\u00e4xte upp i nordv\u00e4stsk\u00e5nska \u00c4ngelholm och har d\u00e4refter bott i London, G\u00f6teborg och Malm\u00f6.<\/p>\n<p>I vuxen \u00e5lder har han arbetat med bland annat jordbruk, mejerivaror, servering, taltidningsjournalistik samt gjort statistroller i reklamfilmsproduktioner.<\/p>\n<p>2008 gick flytten till Stockholm. Ut\u00f6ver skrivandet f\u00f6rs\u00f6rjer han sig som brevb\u00e4rare.<\/p>\n<p>Romanen<em> <a href=\"https:\/\/www.doppelgangerforlag.se\/?page_id=122\">Nomen Nescio<\/a><\/em> \u00e4r hans litter\u00e4ra debut.<\/p>\n","protected":false},"excerpt":{"rendered":"<p>Nils Fredrik Kullenberg \u00e4r f\u00f6dd i Bolln\u00e4s h\u00f6sten 1978. V\u00e4xte upp i nordv\u00e4stsk\u00e5nska \u00c4ngelholm och har d\u00e4refter bott i London, G\u00f6teborg och Malm\u00f6. I vuxen \u00e5lder har han arbetat med bland annat jordbruk, mejerivaror, servering, taltidningsjournalistik samt gjort statistroller i&#8230;<br \/><a class=\"read-more-button\" href=\"https:\/\/www.doppelgangerforlag.se\/?page_id=89\">Read more<\/a><\/p>\n","protected":false},"author":1,"featured_media":0,"parent":0,"menu_order":32,"comment_status":"closed","ping_status":"closed","template":"template-full-width.php","meta":[],"_links":{"self":[{"href":"https:\/\/www.doppelgangerforlag.se\/index.php?rest_route=\/wp\/v2\/pages\/89"}],"collection":[{"href":"https:\/\/www.doppelgangerforlag.se\/index.php?rest_route=\/wp\/v2\/pages"}],"about":[{"href":"https:\/\/www.doppelgangerforlag.se\/index.php?rest_route=\/wp\/v2\/types\/page"}],"author":[{"embeddable":true,"href":"https:\/\/www.doppelgangerforlag.se\/index.php?rest_route=\/wp\/v2\/users\/1"}],"replies":[{"embeddable":true,"href":"https:\/\/www.doppelgangerforlag.se\/index.php?rest_route=%2Fwp%2Fv2%2Fcomments&post=89"}],"version-history":[{"count":12,"href":"https:\/\/www.doppelgangerforlag.se\/index.php?rest_route=\/wp\/v2\/pages\/89\/revisions"}],"predecessor-version":[{"id":138,"href":"https:\/\/www.doppelgangerforlag.se\/index.php?rest_route=\/wp\/v2\/pages\/89\/revisions\/138"}],"wp:attachment":[{"href":"https:\/\/www.doppelgangerforlag.se\/index.php?rest_route=%2Fwp%2Fv2%2Fmedia&parent=89"}],"curies":[{"name":"wp","href":"https:\/\/api.w.org\/{rel}","templated":true}]}}