{"id":78,"date":"2015-12-01T11:37:53","date_gmt":"2015-12-01T10:37:53","guid":{"rendered":"http:\/\/www.doppelgangerforlag.se\/?page_id=78"},"modified":"2017-10-10T10:26:08","modified_gmt":"2017-10-10T09:26:08","slug":"chuck-palahniuk-2","status":"publish","type":"page","link":"https:\/\/www.doppelgangerforlag.se\/?page_id=78","title":{"rendered":"Chuck Palahniuk"},"content":{"rendered":"<div id=\"attachment_150\" style=\"width: 210px\" class=\"wp-caption alignleft\"><a href=\"https:\/\/www.doppelgangerforlag.se\/wp-content\/uploads\/2016\/02\/chuckBW1.jpg\" rel=\"attachment wp-att-150\"><img aria-describedby=\"caption-attachment-150\" loading=\"lazy\" class=\"wp-image-150\" src=\"https:\/\/www.doppelgangerforlag.se\/wp-content\/uploads\/2016\/02\/chuckBW1-632x896.jpg\" alt=\"chuckBW(1)\" width=\"200\" height=\"283\" srcset=\"https:\/\/www.doppelgangerforlag.se\/wp-content\/uploads\/2016\/02\/chuckBW1-632x896.jpg 632w, https:\/\/www.doppelgangerforlag.se\/wp-content\/uploads\/2016\/02\/chuckBW1-768x1088.jpg 768w, https:\/\/www.doppelgangerforlag.se\/wp-content\/uploads\/2016\/02\/chuckBW1-956x1355.jpg 956w, https:\/\/www.doppelgangerforlag.se\/wp-content\/uploads\/2016\/02\/chuckBW1.jpg 1000w\" sizes=\"(max-width: 200px) 100vw, 200px\" \/><\/a><p id=\"caption-attachment-150\" class=\"wp-caption-text\">Foto: Allan Amato<\/p><\/div>\n<p>Charles Michael Palahniuk f\u00f6ddes den 21 februari 1962 och v\u00e4xte upp i Burbank, Washington tillsammans med sina f\u00f6r\u00e4ldrar och tre syskon. 1986 tog han journalistexamen p\u00e5 University of Oregon och b\u00f6rjade arbeta p\u00e5 den lokala tidningen i Portland. Efter bara tv\u00e5 \u00e5r \u00f6vergav han journalistyrket och f\u00f6rs\u00f6rjde sig ist\u00e4llet som lastbilsmekaniker samtidigt som han arbetade med heml\u00f6sa.<\/p>\n<p>Han b\u00f6rjade inte skriva f\u00f6rr\u00e4n en bit in p\u00e5 90-talet, samtidigt som han arbetade som mekaniker. Hans f\u00f6rsta bok, <em>Invisible Monsters<\/em>, refuserades eftersom inneh\u00e5llet ans\u00e5gs st\u00f6tande (boken gavs senare ut \u00e4nd\u00e5, efter att Palahniuks karri\u00e4r tagit fart). Det ledde till att han b\u00f6rjade skriva p\u00e5 <em>Fight Club<\/em>, och resten \u00e4r historia \u2026<\/p>\n<p>Chuck Palahniuk har skrivit sjutton b\u00f6cker och en handfull noveller. Han har vunnit och nominerats till flera litter\u00e4ra priser.<\/p>\n<p><a href=\"https:\/\/www.doppelgangerforlag.se\/?page_id=102\"><em>Gallring<\/em><\/a> (originaltitel <em>Lullaby<\/em>) \u00e4r Palahniuks femte bok och utkom i USA 2002.<\/p>\n","protected":false},"excerpt":{"rendered":"<p>Charles Michael Palahniuk f\u00f6ddes den 21 februari 1962 och v\u00e4xte upp i Burbank, Washington tillsammans med sina f\u00f6r\u00e4ldrar och tre syskon. 1986 tog han journalistexamen p\u00e5 University of Oregon och b\u00f6rjade arbeta p\u00e5 den lokala tidningen i Portland. Efter bara&#8230;<br \/><a class=\"read-more-button\" href=\"https:\/\/www.doppelgangerforlag.se\/?page_id=78\">Read more<\/a><\/p>\n","protected":false},"author":1,"featured_media":0,"parent":0,"menu_order":31,"comment_status":"closed","ping_status":"closed","template":"template-full-width.php","meta":[],"_links":{"self":[{"href":"https:\/\/www.doppelgangerforlag.se\/index.php?rest_route=\/wp\/v2\/pages\/78"}],"collection":[{"href":"https:\/\/www.doppelgangerforlag.se\/index.php?rest_route=\/wp\/v2\/pages"}],"about":[{"href":"https:\/\/www.doppelgangerforlag.se\/index.php?rest_route=\/wp\/v2\/types\/page"}],"author":[{"embeddable":true,"href":"https:\/\/www.doppelgangerforlag.se\/index.php?rest_route=\/wp\/v2\/users\/1"}],"replies":[{"embeddable":true,"href":"https:\/\/www.doppelgangerforlag.se\/index.php?rest_route=%2Fwp%2Fv2%2Fcomments&post=78"}],"version-history":[{"count":6,"href":"https:\/\/www.doppelgangerforlag.se\/index.php?rest_route=\/wp\/v2\/pages\/78\/revisions"}],"predecessor-version":[{"id":249,"href":"https:\/\/www.doppelgangerforlag.se\/index.php?rest_route=\/wp\/v2\/pages\/78\/revisions\/249"}],"wp:attachment":[{"href":"https:\/\/www.doppelgangerforlag.se\/index.php?rest_route=%2Fwp%2Fv2%2Fmedia&parent=78"}],"curies":[{"name":"wp","href":"https:\/\/api.w.org\/{rel}","templated":true}]}}