{"id":407,"date":"2025-09-12T21:10:31","date_gmt":"2025-09-12T20:10:31","guid":{"rendered":"https:\/\/www.doppelgangerforlag.se\/?page_id=407"},"modified":"2025-09-15T19:07:13","modified_gmt":"2025-09-15T18:07:13","slug":"neptuni-orakel","status":"publish","type":"page","link":"https:\/\/www.doppelgangerforlag.se\/?page_id=407","title":{"rendered":"Neptuni orakel"},"content":{"rendered":"\n<p><img loading=\"lazy\" width=\"720\" height=\"1004\" class=\"wp-image-402\" style=\"width: 150px;\" src=\"https:\/\/www.doppelgangerforlag.se\/wp-content\/uploads\/2025\/09\/Neptuni_omslagsbild.jpg\" alt=\"\" srcset=\"https:\/\/www.doppelgangerforlag.se\/wp-content\/uploads\/2025\/09\/Neptuni_omslagsbild.jpg 720w, https:\/\/www.doppelgangerforlag.se\/wp-content\/uploads\/2025\/09\/Neptuni_omslagsbild-632x881.jpg 632w, https:\/\/www.doppelgangerforlag.se\/wp-content\/uploads\/2025\/09\/Neptuni_omslagsbild-600x837.jpg 600w\" sizes=\"(max-width: 720px) 100vw, 720px\" \/><\/p>\n\n\n\n<p>V\u00e4lkommen till G\u00f6teborg: port till havet, en g\u00e5ng gr\u00e4nsbef\u00e4stning, hem f\u00f6r hundratals kulturer. I <em>Neptuni orakel<\/em> skildras m\u00e4nniskor som balanserar p\u00e5 gr\u00e4nsen till katastrofen: socialsekreteraren, psykologen och l\u00e4raren, milit\u00e4rarkitekten, fiskargossen och st\u00e4daren, de svartkl\u00e4dda ton\u00e5rspojkarna och receptionisten p\u00e5 den illegala operationskliniken. Genom vardagen drar en m\u00f6rk understr\u00f6m. I \u00f6gonvr\u00e5n g\u00e4ckar hemligheten. N\u00e4r som helst kan f\u00f6rd\u00e4mningarna brista och vansinnet bryta fram.<br><br>\u201dDe har varit nere i leran men hittat upp igen och under vissa stj\u00e4rnklara n\u00e4tter, om h\u00f6sten eller tidigt p\u00e5 v\u00e5ren, st\u00e4mmer de in i v\u00e4stanvinden fr\u00e5n bortom Vinga fyr och bortom de ofattbara vattenmassorna i Atlantis dr\u00f6mmande gravf\u00e4lt.\u201d<br><br>Lars Willfors bor i G\u00f6teborg. <em>Neptuni orakel<\/em> \u00e4r hans debut.<br><br><strong>Format<\/strong>: Danskt band<br><strong>Utgivningsdatum<\/strong>: 13 oktober 2025<br><strong>Antal sidor<\/strong>: 223<\/p>\n","protected":false},"excerpt":{"rendered":"<p>V\u00e4lkommen till G\u00f6teborg: port till havet, en g\u00e5ng gr\u00e4nsbef\u00e4stning, hem f\u00f6r hundratals kulturer. I Neptuni orakel skildras m\u00e4nniskor som balanserar p\u00e5 gr\u00e4nsen till katastrofen: socialsekreteraren, psykologen och l\u00e4raren, milit\u00e4rarkitekten, fiskargossen och st\u00e4daren, de svartkl\u00e4dda ton\u00e5rspojkarna och receptionisten p\u00e5 den illegala&#8230;<br \/><a class=\"read-more-button\" href=\"https:\/\/www.doppelgangerforlag.se\/?page_id=407\">Read more<\/a><\/p>\n","protected":false},"author":1,"featured_media":0,"parent":0,"menu_order":0,"comment_status":"closed","ping_status":"closed","template":"","meta":[],"_links":{"self":[{"href":"https:\/\/www.doppelgangerforlag.se\/index.php?rest_route=\/wp\/v2\/pages\/407"}],"collection":[{"href":"https:\/\/www.doppelgangerforlag.se\/index.php?rest_route=\/wp\/v2\/pages"}],"about":[{"href":"https:\/\/www.doppelgangerforlag.se\/index.php?rest_route=\/wp\/v2\/types\/page"}],"author":[{"embeddable":true,"href":"https:\/\/www.doppelgangerforlag.se\/index.php?rest_route=\/wp\/v2\/users\/1"}],"replies":[{"embeddable":true,"href":"https:\/\/www.doppelgangerforlag.se\/index.php?rest_route=%2Fwp%2Fv2%2Fcomments&post=407"}],"version-history":[{"count":3,"href":"https:\/\/www.doppelgangerforlag.se\/index.php?rest_route=\/wp\/v2\/pages\/407\/revisions"}],"predecessor-version":[{"id":412,"href":"https:\/\/www.doppelgangerforlag.se\/index.php?rest_route=\/wp\/v2\/pages\/407\/revisions\/412"}],"wp:attachment":[{"href":"https:\/\/www.doppelgangerforlag.se\/index.php?rest_route=%2Fwp%2Fv2%2Fmedia&parent=407"}],"curies":[{"name":"wp","href":"https:\/\/api.w.org\/{rel}","templated":true}]}}