{"id":404,"date":"2025-09-12T21:06:24","date_gmt":"2025-09-12T20:06:24","guid":{"rendered":"https:\/\/www.doppelgangerforlag.se\/?page_id=404"},"modified":"2025-10-01T18:15:33","modified_gmt":"2025-10-01T17:15:33","slug":"lars-willfors","status":"publish","type":"page","link":"https:\/\/www.doppelgangerforlag.se\/?page_id=404","title":{"rendered":"Lars Willfors"},"content":{"rendered":"\n<p><img loading=\"lazy\" width=\"1087\" height=\"1630\" class=\"wp-image-419\" style=\"width: 150px;\" src=\"https:\/\/www.doppelgangerforlag.se\/wp-content\/uploads\/2025\/10\/image0.jpeg\" alt=\"\" srcset=\"https:\/\/www.doppelgangerforlag.se\/wp-content\/uploads\/2025\/10\/image0.jpeg 1087w, https:\/\/www.doppelgangerforlag.se\/wp-content\/uploads\/2025\/10\/image0-632x948.jpeg 632w, https:\/\/www.doppelgangerforlag.se\/wp-content\/uploads\/2025\/10\/image0-1020x1530.jpeg 1020w, https:\/\/www.doppelgangerforlag.se\/wp-content\/uploads\/2025\/10\/image0-768x1152.jpeg 768w, https:\/\/www.doppelgangerforlag.se\/wp-content\/uploads\/2025\/10\/image0-1024x1536.jpeg 1024w, https:\/\/www.doppelgangerforlag.se\/wp-content\/uploads\/2025\/10\/image0-956x1434.jpeg 956w, https:\/\/www.doppelgangerforlag.se\/wp-content\/uploads\/2025\/10\/image0-600x900.jpeg 600w\" sizes=\"(max-width: 1087px) 100vw, 1087px\" \/><\/p>\n\n\n\n<p>Lars Willfors (f\u00f6dd 1983) har en bakgrund som l\u00e4rare, musikskribent, musiker och poddare. Han bor i G\u00f6teborg med fru och tv\u00e5 barn. <em>Neptuni<\/em> <em>orakel<\/em> \u00e4r hans debut.<\/p>\n","protected":false},"excerpt":{"rendered":"<p>Lars Willfors (f\u00f6dd 1983) har en bakgrund som l\u00e4rare, musikskribent, musiker och poddare. Han bor i G\u00f6teborg med fru och tv\u00e5 barn. Neptuni orakel \u00e4r hans debut.<\/p>\n","protected":false},"author":1,"featured_media":0,"parent":0,"menu_order":0,"comment_status":"closed","ping_status":"closed","template":"","meta":[],"_links":{"self":[{"href":"https:\/\/www.doppelgangerforlag.se\/index.php?rest_route=\/wp\/v2\/pages\/404"}],"collection":[{"href":"https:\/\/www.doppelgangerforlag.se\/index.php?rest_route=\/wp\/v2\/pages"}],"about":[{"href":"https:\/\/www.doppelgangerforlag.se\/index.php?rest_route=\/wp\/v2\/types\/page"}],"author":[{"embeddable":true,"href":"https:\/\/www.doppelgangerforlag.se\/index.php?rest_route=\/wp\/v2\/users\/1"}],"replies":[{"embeddable":true,"href":"https:\/\/www.doppelgangerforlag.se\/index.php?rest_route=%2Fwp%2Fv2%2Fcomments&post=404"}],"version-history":[{"count":2,"href":"https:\/\/www.doppelgangerforlag.se\/index.php?rest_route=\/wp\/v2\/pages\/404\/revisions"}],"predecessor-version":[{"id":420,"href":"https:\/\/www.doppelgangerforlag.se\/index.php?rest_route=\/wp\/v2\/pages\/404\/revisions\/420"}],"wp:attachment":[{"href":"https:\/\/www.doppelgangerforlag.se\/index.php?rest_route=%2Fwp%2Fv2%2Fmedia&parent=404"}],"curies":[{"name":"wp","href":"https:\/\/api.w.org\/{rel}","templated":true}]}}