{"id":388,"date":"2023-11-25T12:26:37","date_gmt":"2023-11-25T11:26:37","guid":{"rendered":"https:\/\/www.doppelgangerforlag.se\/?page_id=388"},"modified":"2023-11-25T12:38:44","modified_gmt":"2023-11-25T11:38:44","slug":"huggormars-hogland","status":"publish","type":"page","link":"https:\/\/www.doppelgangerforlag.se\/?page_id=388","title":{"rendered":"Huggormars h\u00f6gland"},"content":{"rendered":"\n<p><img loading=\"lazy\" width=\"1441\" height=\"2008\" class=\"wp-image-393\" style=\"width: 150px;\" src=\"https:\/\/www.doppelgangerforlag.se\/wp-content\/uploads\/2023\/11\/Huggormars_omslagsbild_low.jpg\" alt=\"\" srcset=\"https:\/\/www.doppelgangerforlag.se\/wp-content\/uploads\/2023\/11\/Huggormars_omslagsbild_low.jpg 1441w, https:\/\/www.doppelgangerforlag.se\/wp-content\/uploads\/2023\/11\/Huggormars_omslagsbild_low-632x881.jpg 632w, https:\/\/www.doppelgangerforlag.se\/wp-content\/uploads\/2023\/11\/Huggormars_omslagsbild_low-1020x1421.jpg 1020w, https:\/\/www.doppelgangerforlag.se\/wp-content\/uploads\/2023\/11\/Huggormars_omslagsbild_low-768x1070.jpg 768w, https:\/\/www.doppelgangerforlag.se\/wp-content\/uploads\/2023\/11\/Huggormars_omslagsbild_low-1102x1536.jpg 1102w, https:\/\/www.doppelgangerforlag.se\/wp-content\/uploads\/2023\/11\/Huggormars_omslagsbild_low-956x1332.jpg 956w, https:\/\/www.doppelgangerforlag.se\/wp-content\/uploads\/2023\/11\/Huggormars_omslagsbild_low-600x836.jpg 600w\" sizes=\"(max-width: 1441px) 100vw, 1441px\" \/><\/p>\n\n\n\n<p>Kr\u00e5ks\u00e5ngen. D\u00e4r bibelb\u00e4ltet dras \u00e5t som allra h\u00e5rdast, som en barnam\u00f6rdares snara kn\u00e4cker nacken, d\u00e4r ligger Kr\u00e5ks\u00e5ngen. Omringad av sm\u00e5l\u00e4ndsk skog som tycks o\u00e4ndlig, l\u00e5ngt borta fr\u00e5n J\u00f6nk\u00f6ping och f\u00f6r\u00e4ndring. I natur m\u00f6rk av skrock, p\u00e5 stigar randiga av huggormar, i sjunkande stugor och flagnande hus.<br>Alltid dessa j\u00e4vla huggormar.<\/p>\n\n\n\n<p>Sofia \u00e5terv\u00e4nder hem till byn Kr\u00e5ks\u00e5ngen i det sm\u00e5l\u00e4ndska h\u00f6glandet, d\u00e4r det n\u00e4rmsta hon hade f\u00f6r\u00e4ldrar var sekten Den f\u00f6rt\u00e4rande elden, som nu bl\u00f6der medlemmar i d\u00f6dsryckningarna efter en livlig v\u00e4ckelser\u00f6relse. \u00c4rren p\u00e5 Sofias kropp kliar och viskar om gamla trauman, men hon har lovat sig sj\u00e4lv och sin lillebror lilla Bj\u00f6rn att \u00e5terv\u00e4nda hem och h\u00e4mta honom p\u00e5 hans arton\u00e5rsdag. Och hon kommer inte kunna g\u00f6ra det utan att konfrontera Herden, ledaren f\u00f6r Den f\u00f6rt\u00e4rande elden. Samtidigt blir medlemmar i sekten m\u00f6rdade och Sofia befarar att det har att g\u00f6ra med lilla Bj\u00f6rn.<\/p>\n\n\n\n<p>Huggormars h\u00f6gland \u00e4r en Southern Gothic-ber\u00e4ttelse i det sm\u00e5l\u00e4ndska bibelb\u00e4ltet, litter\u00e4r slipstream d\u00e4r en verklighet best\u00e5ende av m\u00f6rk skog och torr jord l\u00e5ngsamt luckras upp och blottar den metafysiska dimensionen bakom.<\/p>\n\n\n\n<p><strong>Format<\/strong>: Danskt band<br><strong>Utgivningsdatum<\/strong>: 15 december 2023<br><strong>Antal sidor<\/strong>: 120<\/p>\n","protected":false},"excerpt":{"rendered":"<p>Kr\u00e5ks\u00e5ngen. D\u00e4r bibelb\u00e4ltet dras \u00e5t som allra h\u00e5rdast, som en barnam\u00f6rdares snara kn\u00e4cker nacken, d\u00e4r ligger Kr\u00e5ks\u00e5ngen. Omringad av sm\u00e5l\u00e4ndsk skog som tycks o\u00e4ndlig, l\u00e5ngt borta fr\u00e5n J\u00f6nk\u00f6ping och f\u00f6r\u00e4ndring. I natur m\u00f6rk av skrock, p\u00e5 stigar randiga av huggormar,&#8230;<br \/><a class=\"read-more-button\" href=\"https:\/\/www.doppelgangerforlag.se\/?page_id=388\">Read more<\/a><\/p>\n","protected":false},"author":1,"featured_media":0,"parent":0,"menu_order":0,"comment_status":"closed","ping_status":"closed","template":"","meta":[],"_links":{"self":[{"href":"https:\/\/www.doppelgangerforlag.se\/index.php?rest_route=\/wp\/v2\/pages\/388"}],"collection":[{"href":"https:\/\/www.doppelgangerforlag.se\/index.php?rest_route=\/wp\/v2\/pages"}],"about":[{"href":"https:\/\/www.doppelgangerforlag.se\/index.php?rest_route=\/wp\/v2\/types\/page"}],"author":[{"embeddable":true,"href":"https:\/\/www.doppelgangerforlag.se\/index.php?rest_route=\/wp\/v2\/users\/1"}],"replies":[{"embeddable":true,"href":"https:\/\/www.doppelgangerforlag.se\/index.php?rest_route=%2Fwp%2Fv2%2Fcomments&post=388"}],"version-history":[{"count":2,"href":"https:\/\/www.doppelgangerforlag.se\/index.php?rest_route=\/wp\/v2\/pages\/388\/revisions"}],"predecessor-version":[{"id":394,"href":"https:\/\/www.doppelgangerforlag.se\/index.php?rest_route=\/wp\/v2\/pages\/388\/revisions\/394"}],"wp:attachment":[{"href":"https:\/\/www.doppelgangerforlag.se\/index.php?rest_route=%2Fwp%2Fv2%2Fmedia&parent=388"}],"curies":[{"name":"wp","href":"https:\/\/api.w.org\/{rel}","templated":true}]}}