{"id":386,"date":"2023-11-25T12:23:26","date_gmt":"2023-11-25T11:23:26","guid":{"rendered":"https:\/\/www.doppelgangerforlag.se\/?page_id=386"},"modified":"2023-11-25T12:23:26","modified_gmt":"2023-11-25T11:23:26","slug":"david-renklint","status":"publish","type":"page","link":"https:\/\/www.doppelgangerforlag.se\/?page_id=386","title":{"rendered":"David Renklint"},"content":{"rendered":"\n<p>David Renklint \u00e4r uppvuxen i Leksand, Dalarna men bor numera i Stockholm d\u00e4r han f\u00f6rs\u00f6rjer sig som f\u00f6rfattare, ivrigt p\u00e5hejad av fru, dotter och katt. Han \u00e4r utbildad till gymnasiel\u00e4rare i svenska och religionskunskap, och har innan heltidsf\u00f6rfattandet arbetat som skolbibliotekarie och bibliotekspedagog.<\/p>\n\n\n\n<p>Han har skrivit ett femtontal b\u00f6cker f\u00f6r barn, unga och vuxna, ber\u00e4ttelser som alla r\u00f6r sig i skr\u00e4ck- eller fantasygenren. <em>Huggormars h\u00f6gland <\/em>\u00e4r Davids f\u00f6rsta bok f\u00f6r vuxna som inte \u00e4r renodlad skr\u00e4ck.<\/p>\n","protected":false},"excerpt":{"rendered":"<p>David Renklint \u00e4r uppvuxen i Leksand, Dalarna men bor numera i Stockholm d\u00e4r han f\u00f6rs\u00f6rjer sig som f\u00f6rfattare, ivrigt p\u00e5hejad av fru, dotter och katt. Han \u00e4r utbildad till gymnasiel\u00e4rare i svenska och religionskunskap, och har innan heltidsf\u00f6rfattandet arbetat som&#8230;<br \/><a class=\"read-more-button\" href=\"https:\/\/www.doppelgangerforlag.se\/?page_id=386\">Read more<\/a><\/p>\n","protected":false},"author":1,"featured_media":0,"parent":0,"menu_order":0,"comment_status":"closed","ping_status":"closed","template":"","meta":[],"_links":{"self":[{"href":"https:\/\/www.doppelgangerforlag.se\/index.php?rest_route=\/wp\/v2\/pages\/386"}],"collection":[{"href":"https:\/\/www.doppelgangerforlag.se\/index.php?rest_route=\/wp\/v2\/pages"}],"about":[{"href":"https:\/\/www.doppelgangerforlag.se\/index.php?rest_route=\/wp\/v2\/types\/page"}],"author":[{"embeddable":true,"href":"https:\/\/www.doppelgangerforlag.se\/index.php?rest_route=\/wp\/v2\/users\/1"}],"replies":[{"embeddable":true,"href":"https:\/\/www.doppelgangerforlag.se\/index.php?rest_route=%2Fwp%2Fv2%2Fcomments&post=386"}],"version-history":[{"count":1,"href":"https:\/\/www.doppelgangerforlag.se\/index.php?rest_route=\/wp\/v2\/pages\/386\/revisions"}],"predecessor-version":[{"id":387,"href":"https:\/\/www.doppelgangerforlag.se\/index.php?rest_route=\/wp\/v2\/pages\/386\/revisions\/387"}],"wp:attachment":[{"href":"https:\/\/www.doppelgangerforlag.se\/index.php?rest_route=%2Fwp%2Fv2%2Fmedia&parent=386"}],"curies":[{"name":"wp","href":"https:\/\/api.w.org\/{rel}","templated":true}]}}