{"id":370,"date":"2022-06-22T21:30:46","date_gmt":"2022-06-22T20:30:46","guid":{"rendered":"https:\/\/www.doppelgangerforlag.se\/?page_id=370"},"modified":"2022-10-09T11:05:34","modified_gmt":"2022-10-09T10:05:34","slug":"zoo-city","status":"publish","type":"page","link":"https:\/\/www.doppelgangerforlag.se\/?page_id=370","title":{"rendered":"Zoo City"},"content":{"rendered":"\n<p><\/p>\n\n\n\n<p><img loading=\"lazy\" width=\"1594\" height=\"2480\" class=\"wp-image-364\" style=\"width: 150px;\" src=\"https:\/\/www.doppelgangerforlag.se\/wp-content\/uploads\/2022\/06\/Zoo-City_omslag.jpg\" alt=\"\" srcset=\"https:\/\/www.doppelgangerforlag.se\/wp-content\/uploads\/2022\/06\/Zoo-City_omslag.jpg 1594w, https:\/\/www.doppelgangerforlag.se\/wp-content\/uploads\/2022\/06\/Zoo-City_omslag-632x983.jpg 632w, https:\/\/www.doppelgangerforlag.se\/wp-content\/uploads\/2022\/06\/Zoo-City_omslag-1020x1587.jpg 1020w, https:\/\/www.doppelgangerforlag.se\/wp-content\/uploads\/2022\/06\/Zoo-City_omslag-768x1195.jpg 768w, https:\/\/www.doppelgangerforlag.se\/wp-content\/uploads\/2022\/06\/Zoo-City_omslag-987x1536.jpg 987w, https:\/\/www.doppelgangerforlag.se\/wp-content\/uploads\/2022\/06\/Zoo-City_omslag-1316x2048.jpg 1316w, https:\/\/www.doppelgangerforlag.se\/wp-content\/uploads\/2022\/06\/Zoo-City_omslag-956x1487.jpg 956w, https:\/\/www.doppelgangerforlag.se\/wp-content\/uploads\/2022\/06\/Zoo-City_omslag-600x934.jpg 600w\" sizes=\"(max-width: 1594px) 100vw, 1594px\" \/><\/p>\n\n\n\n<p>VINNARE AV ARTHUR C CLARKE AWARD!<\/p>\n\n\n\n<p>Zinzi December har en Seng\u00e5ngare p\u00e5 ryggen, f\u00f6rs\u00f6rjer sig p\u00e5 n\u00e4tbedr\u00e4gerier och har en s\u00e4rskild talang f\u00f6r att hitta f\u00f6rsvunna f\u00f6rem\u00e5l. N\u00e4r en \u00e4ldre kvinna hittas d\u00f6d dras hon in i ett virrvarr av f\u00f6rsvunna personer. Skuldsatt upp \u00f6ver \u00f6ronen \u00e5tar hon sig motvilligt ett uppdrag.<\/p>\n\n\n\n<p>Hon anlitas av den tillbakadragne musikproducenten Odi Huron f\u00f6r att hitta den f\u00f6rsvunna popstj\u00e4rnan Songweza. En m\u00f6jlig biljett ut ur Zoo City, ett av Johannesburgs v\u00e4rsta slumomr\u00e5den d\u00e4r den kriminella underklassen och deras djur lever i skuggorna. Djur som p\u00e5 n\u00e5got mystiskt vis bundits till dem f\u00f6r all framtid. Men ist\u00e4llet kastas Zinzi allt djupare in i stadens m\u00f6rker fylld av kriminalitet och magi, d\u00e4r hon tvingas konfrontera dolda hemligheter fr\u00e5n sitt tidigare liv.<\/p>\n\n\n\n<p>Lauren Beukes originella Arthur C Clarke Award-vinnande roman <em>Zoo City<\/em> liknar inget annat du tidigare l\u00e4st.<\/p>\n\n\n\n<p><\/p>\n\n\n\n<p><strong>Format<\/strong>: Danskt band<br><strong>Utgivningsdatum<\/strong>: 8 september 2022<br><strong>Antal sidor<\/strong>: 280<\/p>\n","protected":false},"excerpt":{"rendered":"<p>VINNARE AV ARTHUR C CLARKE AWARD! Zinzi December har en Seng\u00e5ngare p\u00e5 ryggen, f\u00f6rs\u00f6rjer sig p\u00e5 n\u00e4tbedr\u00e4gerier och har en s\u00e4rskild talang f\u00f6r att hitta f\u00f6rsvunna f\u00f6rem\u00e5l. N\u00e4r en \u00e4ldre kvinna hittas d\u00f6d dras hon in i ett virrvarr av&#8230;<br \/><a class=\"read-more-button\" href=\"https:\/\/www.doppelgangerforlag.se\/?page_id=370\">Read more<\/a><\/p>\n","protected":false},"author":1,"featured_media":0,"parent":0,"menu_order":0,"comment_status":"closed","ping_status":"closed","template":"","meta":[],"_links":{"self":[{"href":"https:\/\/www.doppelgangerforlag.se\/index.php?rest_route=\/wp\/v2\/pages\/370"}],"collection":[{"href":"https:\/\/www.doppelgangerforlag.se\/index.php?rest_route=\/wp\/v2\/pages"}],"about":[{"href":"https:\/\/www.doppelgangerforlag.se\/index.php?rest_route=\/wp\/v2\/types\/page"}],"author":[{"embeddable":true,"href":"https:\/\/www.doppelgangerforlag.se\/index.php?rest_route=\/wp\/v2\/users\/1"}],"replies":[{"embeddable":true,"href":"https:\/\/www.doppelgangerforlag.se\/index.php?rest_route=%2Fwp%2Fv2%2Fcomments&post=370"}],"version-history":[{"count":6,"href":"https:\/\/www.doppelgangerforlag.se\/index.php?rest_route=\/wp\/v2\/pages\/370\/revisions"}],"predecessor-version":[{"id":383,"href":"https:\/\/www.doppelgangerforlag.se\/index.php?rest_route=\/wp\/v2\/pages\/370\/revisions\/383"}],"wp:attachment":[{"href":"https:\/\/www.doppelgangerforlag.se\/index.php?rest_route=%2Fwp%2Fv2%2Fmedia&parent=370"}],"curies":[{"name":"wp","href":"https:\/\/api.w.org\/{rel}","templated":true}]}}