{"id":313,"date":"2019-02-24T23:37:49","date_gmt":"2019-02-24T22:37:49","guid":{"rendered":"http:\/\/www.doppelgangerforlag.se\/?page_id=313"},"modified":"2020-12-07T14:59:54","modified_gmt":"2020-12-07T13:59:54","slug":"elddjur","status":"publish","type":"page","link":"https:\/\/www.doppelgangerforlag.se\/?page_id=313","title":{"rendered":"Elddjur"},"content":{"rendered":"<p><a href=\"https:\/\/www.doppelgangerforlag.se\/wp-content\/uploads\/2019\/03\/Elddjur_omslagsbild.jpg\"><img loading=\"lazy\" class=\"alignleft wp-image-318\" src=\"https:\/\/www.doppelgangerforlag.se\/wp-content\/uploads\/2019\/03\/Elddjur_omslagsbild-480x280.jpg\" alt=\"\" width=\"200\" height=\"279\" srcset=\"https:\/\/www.doppelgangerforlag.se\/wp-content\/uploads\/2019\/03\/Elddjur_omslagsbild-632x881.jpg 632w, https:\/\/www.doppelgangerforlag.se\/wp-content\/uploads\/2019\/03\/Elddjur_omslagsbild-768x1070.jpg 768w, https:\/\/www.doppelgangerforlag.se\/wp-content\/uploads\/2019\/03\/Elddjur_omslagsbild-1020x1421.jpg 1020w, https:\/\/www.doppelgangerforlag.se\/wp-content\/uploads\/2019\/03\/Elddjur_omslagsbild-956x1332.jpg 956w, https:\/\/www.doppelgangerforlag.se\/wp-content\/uploads\/2019\/03\/Elddjur_omslagsbild.jpg 1441w\" sizes=\"(max-width: 200px) 100vw, 200px\" \/><\/a>I himlen brinner r\u00e4varnas eld och i Lumi brinner saknaden. Endast kyla och fysisk anstr\u00e4ngning kan f\u00e5 henne att gl\u00f6mma.<\/p>\n<p>Lumi, en ung lovande skidtalang, blir erbjuden en plats p\u00e5 ett elitl\u00e4ger. Det \u00e4r hennes chans att n\u00e5 toppen och hon ger allt. Men under de stenh\u00e5rda tr\u00e4ningspassen h\u00e4nder n\u00e5got. Nya skr\u00e4mmande niv\u00e5er av tillvaron visar sig och hon st\u00e4lls inf\u00f6r flera sv\u00e5ra val och ett djupt m\u00f6rker.<\/p>\n<p><em>Elddjur<\/em> \u00e4r en historia om hur saknad och f\u00f6rlust kan f\u00e5 en att pressa sig till det yttersta, l\u00e5ngt bortom vad som egentligen borde vara m\u00f6jligt.<\/p>\n<p><em>Elddjur<\/em> finns att k\u00f6pa i v\u00e5r <a href=\"https:\/\/doppelganger.storedo.com\/\"><strong>shop<\/strong><\/a> eller hos n\u00e4tbokhandlarna.<\/p>\n<p>R\u00f6ster om <em>Elddjur<\/em>:<\/p>\n<p>\u201dI sina mest inspirerade stunder f\u00f6rm\u00e5r Huttunen frammana h\u00e4pnadsv\u00e4ckande bilder av hallucinatorisk kvalitet. F\u00f6r oss som alltid undrat vad det \u00e4r som driver de h\u00e4r \u201dvinnarskallarna\u201d i sp\u00e5ret, k\u00e4nns en \u00f6vernaturlig f\u00f6rklaring dessutom n\u00e4stan godtagbar. \u00c4mnet \u00e4r minst sagt originellt \u2013 och romanen helt i linje med f\u00f6rlagets ambition att vara ett \u201dhem f\u00f6r det udda och s\u00e4regna\u201d.\u201d<br \/>\n\u2013 <em>Sydsvenskan<\/em><\/p>\n<p>\u201d<em>Elddjur<\/em> \u00e4r en f\u00e4rgstark skr\u00f6na, vars of\u00f6ruts\u00e4gbara skeenden gestaltas l\u00e5gm\u00e4lt och enkelt. Boken rymmer dels en unik skildring av villkoren inom en folkk\u00e4r uth\u00e5llighetssport, dels en gripande ber\u00e4ttelse om en ung tjejs s\u00f6kande efter en plattform f\u00f6r en identitet, ett liv.\u201d<br \/>\n\u2013 <em>Bor\u00e5s Tidning<br \/>\n<\/em><\/p>\n<p>\u201dRomanen \u00e4r mycket v\u00e4lskriven, spr\u00e5ket \u00e4r b\u00e5de enkelt och stilfullt. Naturskildringarna \u00e4r mycket suggestiva och m\u00e5lande. Ber\u00e4ttelsen \u00e4r l\u00e5gm\u00e4ld men alltid underh\u00e5llande med drag av b\u00e5de skr\u00e4ck och urban fantasy. Med <em>Elddjur<\/em> visar Huttunen att <em>Barrfiolernas rike<\/em> inte var en enstaka lyckotr\u00e4ff. Detta \u00e4r en f\u00f6rfattare att h\u00e5lla \u00f6gonen p\u00e5. Helhetsbetyg: 4.\u201d<br \/>\n\u2013 <em>Daniel Gustavsson (BTJ-h\u00e4ftet nr 11-2019)<\/em><\/p>\n<p><strong>Format<\/strong>: Danskt band<br \/>\n<strong>Utgivningsdatum<\/strong>: 22 mars 2019<br \/>\n<strong>Antal sidor<\/strong>: 240<\/p>\n","protected":false},"excerpt":{"rendered":"<p>I himlen brinner r\u00e4varnas eld och i Lumi brinner saknaden. Endast kyla och fysisk anstr\u00e4ngning kan f\u00e5 henne att gl\u00f6mma. Lumi, en ung lovande skidtalang, blir erbjuden en plats p\u00e5 ett elitl\u00e4ger. Det \u00e4r hennes chans att n\u00e5 toppen och&#8230;<br \/><a class=\"read-more-button\" href=\"https:\/\/www.doppelgangerforlag.se\/?page_id=313\">Read more<\/a><\/p>\n","protected":false},"author":1,"featured_media":0,"parent":0,"menu_order":0,"comment_status":"closed","ping_status":"closed","template":"","meta":[],"_links":{"self":[{"href":"https:\/\/www.doppelgangerforlag.se\/index.php?rest_route=\/wp\/v2\/pages\/313"}],"collection":[{"href":"https:\/\/www.doppelgangerforlag.se\/index.php?rest_route=\/wp\/v2\/pages"}],"about":[{"href":"https:\/\/www.doppelgangerforlag.se\/index.php?rest_route=\/wp\/v2\/types\/page"}],"author":[{"embeddable":true,"href":"https:\/\/www.doppelgangerforlag.se\/index.php?rest_route=\/wp\/v2\/users\/1"}],"replies":[{"embeddable":true,"href":"https:\/\/www.doppelgangerforlag.se\/index.php?rest_route=%2Fwp%2Fv2%2Fcomments&post=313"}],"version-history":[{"count":11,"href":"https:\/\/www.doppelgangerforlag.se\/index.php?rest_route=\/wp\/v2\/pages\/313\/revisions"}],"predecessor-version":[{"id":357,"href":"https:\/\/www.doppelgangerforlag.se\/index.php?rest_route=\/wp\/v2\/pages\/313\/revisions\/357"}],"wp:attachment":[{"href":"https:\/\/www.doppelgangerforlag.se\/index.php?rest_route=%2Fwp%2Fv2%2Fmedia&parent=313"}],"curies":[{"name":"wp","href":"https:\/\/api.w.org\/{rel}","templated":true}]}}