{"id":302,"date":"2018-05-02T10:17:09","date_gmt":"2018-05-02T09:17:09","guid":{"rendered":"http:\/\/www.doppelgangerforlag.se\/?page_id=302"},"modified":"2020-12-07T15:01:11","modified_gmt":"2020-12-07T14:01:11","slug":"staden-staden","status":"publish","type":"page","link":"https:\/\/www.doppelgangerforlag.se\/?page_id=302","title":{"rendered":"Staden &#038; Staden"},"content":{"rendered":"<p><a href=\"https:\/\/www.doppelgangerforlag.se\/wp-content\/uploads\/2019\/04\/Staden-Staden_omslagsbild.jpg\"><img loading=\"lazy\" class=\"alignleft wp-image-330\" src=\"https:\/\/www.doppelgangerforlag.se\/wp-content\/uploads\/2019\/04\/Staden-Staden_omslagsbild-480x280.jpg\" alt=\"\" width=\"200\" height=\"311\" srcset=\"https:\/\/www.doppelgangerforlag.se\/wp-content\/uploads\/2019\/04\/Staden-Staden_omslagsbild-632x983.jpg 632w, https:\/\/www.doppelgangerforlag.se\/wp-content\/uploads\/2019\/04\/Staden-Staden_omslagsbild-768x1195.jpg 768w, https:\/\/www.doppelgangerforlag.se\/wp-content\/uploads\/2019\/04\/Staden-Staden_omslagsbild-1020x1587.jpg 1020w, https:\/\/www.doppelgangerforlag.se\/wp-content\/uploads\/2019\/04\/Staden-Staden_omslagsbild-956x1487.jpg 956w, https:\/\/www.doppelgangerforlag.se\/wp-content\/uploads\/2019\/04\/Staden-Staden_omslagsbild-600x934.jpg 600w, https:\/\/www.doppelgangerforlag.se\/wp-content\/uploads\/2019\/04\/Staden-Staden_omslagsbild.jpg 1594w\" sizes=\"(max-width: 200px) 100vw, 200px\" \/><\/a>Den unga studenten Mahalia Geary hittas brutalt m\u00f6rdad i den f\u00f6rfallna staden Bes\u017ael, n\u00e5gonstans i utkanten av Europa. N\u00e4r inspekt\u00f6r Tyador Borl\u00fa tar sig an fallet ser det f\u00f6rst ut som ett rutinfall. Men i Bes\u017ael, och dess modernare tvillingstad Ul Qoma, \u00e4r inget vad det f\u00f6rst verkar vara. St\u00e4derna \u00e4r bel\u00e4gna p\u00e5 till st\u00f6rsta del samma yta och delar v\u00e4gar, hus och inv\u00e5nare. Men de \u00e4r \u00e4nd\u00e5 tv\u00e5 helt separata st\u00e4der och dess befolkning g\u00f6r sitt b\u00e4sta f\u00f6r att inte se den andra staden. \u00d6ver allting sv\u00e4var en hemlig osynlig makt som h\u00e5ller medborgarna i schack och hindrar dem fr\u00e5n att g\u00f6ra intr\u00e5ng i den andra staden.<br \/>\nSp\u00e5ren leder snart till en m\u00e4rklig och v\u00e5ldsam v\u00e4rld fylld av konspirationer och politiska mots\u00e4ttningar. F\u00f6r att l\u00f6sa fallet m\u00e5ste Borl\u00fa samarbeta med polisen i Ul Qoma, den enda stad i v\u00e4rlden som \u00e4r lika m\u00e4rklig som hans egen, och resa \u00f6ver en gr\u00e4ns som inte liknar n\u00e5gon annan.<\/p>\n<p>VINNARE AV ARTHUR C. CLARKE AWARD!<br \/>\nVINNARE AV WORLD FANTASY AWARD!<br \/>\nVINNARE AV HUGO AWARD!<br \/>\nVINNARE AV LOCUS AWARD!<\/p>\n<p><em>Staden &amp; Staden<\/em> finns att k\u00f6pa i v\u00e5r <a href=\"https:\/\/doppelganger.storedo.com\/\"><strong>shop<\/strong><\/a> eller hos n\u00e4tbokhandlarna.<\/p>\n<p>R\u00f6ster om <em>Staden &amp; Staden<\/em>:<\/p>\n<p>\u201dI vuxen \u00e5lder f\u00f6rv\u00e4ntar man sig inte l\u00e4ngre att m\u00f6ta romaner som har f\u00f6rm\u00e5gan att f\u00f6r\u00e4ndra ens blick p\u00e5 v\u00e4rlden, man b\u00f6rjar kanske till och med tro att det inte l\u00e4ngre g\u00e5r att skriva den sortens b\u00f6cker, men China Mi\u00e9villes \u201dStaden &amp; staden\u201d \u00e4r en s\u00e5dan bok.\u201d<br \/>\n\u2013 <em>Svenska Dagbladet<br \/>\n<\/em><\/p>\n<p>\u201dStaden &amp; Staden\u201d \u00e5sk\u00e5dligg\u00f6r de sociala lager som finns i snart sagt varje samh\u00e4lle, vars inv\u00e5nare ocks\u00e5 tr\u00e4nats i \u201dicke-seende\u201d. I f\u00f6rnekelse. Eller i att sl\u00e5 vakt om gr\u00e4nsen, uppr\u00e4tth\u00e5llen av spr\u00e5k och religion eller vad det vara m\u00e5nde.\u201d<br \/>\n<em>\u2013 Sydsvenskan<\/em><\/p>\n<p>\u201dGillar man kombinationen av deckare och science fiction har man en h\u00f6gtidsstund framf\u00f6r sig.\u201d<br \/>\n\u2013 <em>BTJ-h\u00e4ftet nr 17, 2019<br \/>\n<\/em><\/p>\n<p>\u201dDet finns ingen annan som skriver s\u00e5dant h\u00e4r.\u201d<br \/>\n\u2013 <em>Dazed and Confused<br \/>\n<\/em><\/p>\n<p>\u201dLika intelligent som originell.\u201d<br \/>\n\u2013 <em>The Guardian<br \/>\n<\/em><\/p>\n<p>\u201dDj\u00e4rv, originell och gripande.\u201d<br \/>\n\u2013 <em>Daily Mail<br \/>\n<\/em><\/p>\n<p>&#8220;Den v\u00e4cker tankar p\u00e5 ett s\u00e4tt som mer konventionella romaner aldrig skulle v\u00e5ga.&#8221;<br \/>\n<em>\u2013 Daily Telegraph<br \/>\n<\/em><\/p>\n<p><strong>Format<\/strong>: Danskt band<br \/>\n<strong>Utgivningsdatum<\/strong>: 18 juni 2019<br \/>\n<strong>Antal sidor<\/strong>: 320<\/p>\n","protected":false},"excerpt":{"rendered":"<p>Den unga studenten Mahalia Geary hittas brutalt m\u00f6rdad i den f\u00f6rfallna staden Bes\u017ael, n\u00e5gonstans i utkanten av Europa. N\u00e4r inspekt\u00f6r Tyador Borl\u00fa tar sig an fallet ser det f\u00f6rst ut som ett rutinfall. Men i Bes\u017ael, och dess modernare tvillingstad&#8230;<br \/><a class=\"read-more-button\" href=\"https:\/\/www.doppelgangerforlag.se\/?page_id=302\">Read more<\/a><\/p>\n","protected":false},"author":1,"featured_media":0,"parent":0,"menu_order":0,"comment_status":"closed","ping_status":"closed","template":"template-full-width.php","meta":[],"_links":{"self":[{"href":"https:\/\/www.doppelgangerforlag.se\/index.php?rest_route=\/wp\/v2\/pages\/302"}],"collection":[{"href":"https:\/\/www.doppelgangerforlag.se\/index.php?rest_route=\/wp\/v2\/pages"}],"about":[{"href":"https:\/\/www.doppelgangerforlag.se\/index.php?rest_route=\/wp\/v2\/types\/page"}],"author":[{"embeddable":true,"href":"https:\/\/www.doppelgangerforlag.se\/index.php?rest_route=\/wp\/v2\/users\/1"}],"replies":[{"embeddable":true,"href":"https:\/\/www.doppelgangerforlag.se\/index.php?rest_route=%2Fwp%2Fv2%2Fcomments&post=302"}],"version-history":[{"count":12,"href":"https:\/\/www.doppelgangerforlag.se\/index.php?rest_route=\/wp\/v2\/pages\/302\/revisions"}],"predecessor-version":[{"id":359,"href":"https:\/\/www.doppelgangerforlag.se\/index.php?rest_route=\/wp\/v2\/pages\/302\/revisions\/359"}],"wp:attachment":[{"href":"https:\/\/www.doppelgangerforlag.se\/index.php?rest_route=%2Fwp%2Fv2%2Fmedia&parent=302"}],"curies":[{"name":"wp","href":"https:\/\/api.w.org\/{rel}","templated":true}]}}