{"id":281,"date":"2017-10-10T10:26:53","date_gmt":"2017-10-10T09:26:53","guid":{"rendered":"http:\/\/www.doppelgangerforlag.se\/?page_id=281"},"modified":"2018-05-02T10:18:42","modified_gmt":"2018-05-02T09:18:42","slug":"china-mieville","status":"publish","type":"page","link":"https:\/\/www.doppelgangerforlag.se\/?page_id=281","title":{"rendered":"China Mi\u00e9ville"},"content":{"rendered":"<p><a href=\"https:\/\/www.doppelgangerforlag.se\/wp-content\/uploads\/2017\/10\/1200px-China_Mieville-e1507627756135.jpg\"><img loading=\"lazy\" class=\"alignleft wp-image-283 size-full\" src=\"https:\/\/www.doppelgangerforlag.se\/wp-content\/uploads\/2017\/10\/1200px-China_Mieville-e1507627756135.jpg\" alt=\"\" width=\"200\" height=\"300\" \/><\/a>China Tom Mi\u00e9ville f\u00f6ddes i Norwich, Storbritannien, den 6 september 1972 och v\u00e4xte upp i Willesden i nordv\u00e4stra London. Han \u00e4r f\u00f6rfattare, akademiker och politisk aktivist. Hans b\u00f6cker beskrivs ofta som \u201dweird fiction\u201d och har vunnit flera prestigefulla utm\u00e4rkelser, bland annat Arthur C. Clarke Award (tre g\u00e5nger), British Fantasy Award (tv\u00e5 g\u00e5nger), Locus Award (tv\u00e5 g\u00e5nger), Hugo Award och World Fantasy Award.<\/p>\n<p><em>Staden &amp; Staden (The City &amp; The City)<\/em>, en existentiell thriller, fick fantastiska recensioner och j\u00e4mf\u00f6rs med verk av Kafka, Orwell och Philip K. Dick.<\/p>\n<p>China Mi\u00e9ville bor och arbetar i London.<\/p>\n<p>L\u00e4s mer om <a href=\"https:\/\/www.doppelgangerforlag.se\/?page_id=302\"><em>Staden &amp; Staden<\/em><\/a>.<\/p>\n","protected":false},"excerpt":{"rendered":"<p>China Tom Mi\u00e9ville f\u00f6ddes i Norwich, Storbritannien, den 6 september 1972 och v\u00e4xte upp i Willesden i nordv\u00e4stra London. Han \u00e4r f\u00f6rfattare, akademiker och politisk aktivist. Hans b\u00f6cker beskrivs ofta som \u201dweird fiction\u201d och har vunnit flera prestigefulla utm\u00e4rkelser, bland&#8230;<br \/><a class=\"read-more-button\" href=\"https:\/\/www.doppelgangerforlag.se\/?page_id=281\">Read more<\/a><\/p>\n","protected":false},"author":1,"featured_media":0,"parent":0,"menu_order":34,"comment_status":"closed","ping_status":"closed","template":"template-full-width.php","meta":[],"_links":{"self":[{"href":"https:\/\/www.doppelgangerforlag.se\/index.php?rest_route=\/wp\/v2\/pages\/281"}],"collection":[{"href":"https:\/\/www.doppelgangerforlag.se\/index.php?rest_route=\/wp\/v2\/pages"}],"about":[{"href":"https:\/\/www.doppelgangerforlag.se\/index.php?rest_route=\/wp\/v2\/types\/page"}],"author":[{"embeddable":true,"href":"https:\/\/www.doppelgangerforlag.se\/index.php?rest_route=\/wp\/v2\/users\/1"}],"replies":[{"embeddable":true,"href":"https:\/\/www.doppelgangerforlag.se\/index.php?rest_route=%2Fwp%2Fv2%2Fcomments&post=281"}],"version-history":[{"count":3,"href":"https:\/\/www.doppelgangerforlag.se\/index.php?rest_route=\/wp\/v2\/pages\/281\/revisions"}],"predecessor-version":[{"id":304,"href":"https:\/\/www.doppelgangerforlag.se\/index.php?rest_route=\/wp\/v2\/pages\/281\/revisions\/304"}],"wp:attachment":[{"href":"https:\/\/www.doppelgangerforlag.se\/index.php?rest_route=%2Fwp%2Fv2%2Fmedia&parent=281"}],"curies":[{"name":"wp","href":"https:\/\/api.w.org\/{rel}","templated":true}]}}