{"id":215,"date":"2016-09-20T11:02:26","date_gmt":"2016-09-20T10:02:26","guid":{"rendered":"http:\/\/www.doppelgangerforlag.se\/?page_id=215"},"modified":"2024-11-12T18:37:33","modified_gmt":"2024-11-12T17:37:33","slug":"shop","status":"publish","type":"page","link":"https:\/\/www.doppelgangerforlag.se\/?page_id=215","title":{"rendered":"Shop"},"content":{"rendered":"<p>H\u00e4r kan du k\u00f6pa Doppelg\u00e4ngers b\u00f6cker:<\/p>\n\n\n<p><a href=\"https:\/\/www.bokborsen.se\/?f=1&amp;qs=Doppelg%C3%A4nger\">https:\/\/www.bokborsen.se\/?f=1&amp;qs=Doppelg%C3%A4nger<\/a><\/p>\n","protected":false},"excerpt":{"rendered":"<p>H\u00e4r kan du k\u00f6pa Doppelg\u00e4ngers b\u00f6cker: https:\/\/www.bokborsen.se\/?f=1&amp;qs=Doppelg%C3%A4nger<\/p>\n","protected":false},"author":1,"featured_media":0,"parent":0,"menu_order":90,"comment_status":"closed","ping_status":"closed","template":"template-full-width.php","meta":[],"_links":{"self":[{"href":"https:\/\/www.doppelgangerforlag.se\/index.php?rest_route=\/wp\/v2\/pages\/215"}],"collection":[{"href":"https:\/\/www.doppelgangerforlag.se\/index.php?rest_route=\/wp\/v2\/pages"}],"about":[{"href":"https:\/\/www.doppelgangerforlag.se\/index.php?rest_route=\/wp\/v2\/types\/page"}],"author":[{"embeddable":true,"href":"https:\/\/www.doppelgangerforlag.se\/index.php?rest_route=\/wp\/v2\/users\/1"}],"replies":[{"embeddable":true,"href":"https:\/\/www.doppelgangerforlag.se\/index.php?rest_route=%2Fwp%2Fv2%2Fcomments&post=215"}],"version-history":[{"count":6,"href":"https:\/\/www.doppelgangerforlag.se\/index.php?rest_route=\/wp\/v2\/pages\/215\/revisions"}],"predecessor-version":[{"id":399,"href":"https:\/\/www.doppelgangerforlag.se\/index.php?rest_route=\/wp\/v2\/pages\/215\/revisions\/399"}],"wp:attachment":[{"href":"https:\/\/www.doppelgangerforlag.se\/index.php?rest_route=%2Fwp%2Fv2%2Fmedia&parent=215"}],"curies":[{"name":"wp","href":"https:\/\/api.w.org\/{rel}","templated":true}]}}