{"id":203,"date":"2016-09-13T07:51:48","date_gmt":"2016-09-13T06:51:48","guid":{"rendered":"http:\/\/www.doppelgangerforlag.se\/?page_id=203"},"modified":"2019-08-30T19:47:55","modified_gmt":"2019-08-30T18:47:55","slug":"i-media","status":"publish","type":"page","link":"https:\/\/www.doppelgangerforlag.se\/?page_id=203","title":{"rendered":"I media"},"content":{"rendered":"<p><strong>Staden &amp; Staden<\/strong><\/p>\n<p><a href=\"https:\/\/www.svd.se\/thriller-som-forandrar-ens-syn-pa-varlden\"><strong>Svenska Dagbladet 190720<\/strong><\/a><\/p>\n<p><a href=\"https:\/\/www.sydsvenskan.se\/2019-08-06\/china-mieville-synliggor-samhallets-dubbla-natur?redirected=1\"><strong>Sydsvenskan 190806<\/strong><\/a><\/p>\n<p><strong>Elddjur<\/strong><\/p>\n<p><a href=\"http:\/\/www.bt.se\/kultur\/en-fargstark-skrona-om-sokandet-efter-en-identitet\/\"><strong>Bor\u00e5s Tidning 190609<\/strong><\/a><\/p>\n<p><a href=\"https:\/\/www.sydsvenskan.se\/2019-07-29\/huttunen-frammanar-hapnadsvackande-hallucinatoriska-bilder?redirected=1\"><strong>Sydsvenskan 190730<\/strong><\/a><\/p>\n<p><strong>Doppelg\u00e4nger<\/strong><\/p>\n<p><a href=\"http:\/\/www.sydsvenskan.se\/2016-05-25\/doppelganger-blir-nytt-hem-for-bocker\" target=\"_blank\" rel=\"noopener noreferrer\"><strong>Sydsvenskan 160525<\/strong><\/a><\/p>\n<p><a href=\"http:\/\/tentakelmonster.se\/?p=7149\"><strong>Tentakelmonster 170216<\/strong><\/a><\/p>\n<p><strong>Gallring<\/strong><\/p>\n<p><a href=\"https:\/\/helenashorror.se\/chuck-palahniuk-pa-svenska-vassa-gallring\/\"><strong>Helenas Horror<\/strong><\/a><\/p>\n<p><strong>Nomen Nescio<\/strong><\/p>\n<p><a href=\"https:\/\/www.doppelgangerforlag.se\/wp-content\/uploads\/2016\/09\/Mittiso%CC%88derort_20160615.png\"><strong>Mitt i S\u00f6derort 160615<\/strong><\/a><\/p>\n<p><a href=\"http:\/\/www.sydsvenskan.se\/2016-08-15\/existensens-utbytbarhet\" target=\"_blank\" rel=\"noopener noreferrer\"><strong>Sydsvenskan 160815<\/strong><\/a><\/p>\n<p><a href=\"https:\/\/www.doppelgangerforlag.se\/wp-content\/uploads\/2016\/09\/Halla%CC%8AHo%CC%88gana%CC%88s_20160824.png\"><strong>Hall\u00e5 H\u00f6gan\u00e4s! 160824<\/strong><\/a><\/p>\n<p><a href=\"https:\/\/www.doppelgangerforlag.se\/wp-content\/uploads\/2016\/09\/Kullaliv_ho\u0308st2016.png\"><strong>Kullaliv 160920<\/strong><\/a><\/p>\n<p><a href=\"http:\/\/sekotidningen.se\/artikel\/brevbararen-som-fick-nog\/\"><strong>Sekotidningen 161028<\/strong><\/a><\/p>\n<p><strong>Barrfiolernas rike<br \/>\n<\/strong><\/p>\n<p><strong><a href=\"https:\/\/www.doppelgangerforlag.se\/wp-content\/uploads\/2016\/12\/Annonsmarknan_20161215.png\">Bollebygds lokaltidning (Annonsmarkna&#8217;n) 161215<\/a><\/strong><\/p>\n<p><a href=\"http:\/\/sverigesradio.se\/sida\/artikel.aspx?programid=185&amp;artikel=6594603\"><strong>Sisuradio Sveriges Radio P2 170109<\/strong><\/a><\/p>\n<p><a href=\"http:\/\/www.gp.se\/n%C3%B6je\/kultur\/debut-med-skogen-i-centrum-1.4108865\"><strong>G\u00f6teborgs-Posten 170110<\/strong><\/a><\/p>\n<p><a href=\"http:\/\/www.bt.se\/kultur-o-noje\/lasvard-spokhistoria-fran-finska-landsbygden\/\"><strong>Bor\u00e5s Tidning 170321<\/strong><\/a><\/p>\n","protected":false},"excerpt":{"rendered":"<p>Staden &amp; Staden Svenska Dagbladet 190720 Sydsvenskan 190806 Elddjur Bor\u00e5s Tidning 190609 Sydsvenskan 190730 Doppelg\u00e4nger Sydsvenskan 160525 Tentakelmonster 170216 Gallring Helenas Horror Nomen Nescio Mitt i S\u00f6derort 160615 Sydsvenskan 160815 Hall\u00e5 H\u00f6gan\u00e4s! 160824 Kullaliv 160920 Sekotidningen 161028 Barrfiolernas rike Bollebygds&#8230;<br \/><a class=\"read-more-button\" href=\"https:\/\/www.doppelgangerforlag.se\/?page_id=203\">Read more<\/a><\/p>\n","protected":false},"author":1,"featured_media":0,"parent":0,"menu_order":80,"comment_status":"closed","ping_status":"closed","template":"template-full-width.php","meta":[],"_links":{"self":[{"href":"https:\/\/www.doppelgangerforlag.se\/index.php?rest_route=\/wp\/v2\/pages\/203"}],"collection":[{"href":"https:\/\/www.doppelgangerforlag.se\/index.php?rest_route=\/wp\/v2\/pages"}],"about":[{"href":"https:\/\/www.doppelgangerforlag.se\/index.php?rest_route=\/wp\/v2\/types\/page"}],"author":[{"embeddable":true,"href":"https:\/\/www.doppelgangerforlag.se\/index.php?rest_route=\/wp\/v2\/users\/1"}],"replies":[{"embeddable":true,"href":"https:\/\/www.doppelgangerforlag.se\/index.php?rest_route=%2Fwp%2Fv2%2Fcomments&post=203"}],"version-history":[{"count":20,"href":"https:\/\/www.doppelgangerforlag.se\/index.php?rest_route=\/wp\/v2\/pages\/203\/revisions"}],"predecessor-version":[{"id":349,"href":"https:\/\/www.doppelgangerforlag.se\/index.php?rest_route=\/wp\/v2\/pages\/203\/revisions\/349"}],"wp:attachment":[{"href":"https:\/\/www.doppelgangerforlag.se\/index.php?rest_route=%2Fwp%2Fv2%2Fmedia&parent=203"}],"curies":[{"name":"wp","href":"https:\/\/api.w.org\/{rel}","templated":true}]}}