{"id":20,"date":"2015-11-09T12:51:44","date_gmt":"2015-11-09T11:51:44","guid":{"rendered":"http:\/\/www.doppelgangerforlag.se\/?page_id=20"},"modified":"2017-11-29T09:35:57","modified_gmt":"2017-11-29T08:35:57","slug":"om-doppelganger","status":"publish","type":"page","link":"https:\/\/www.doppelgangerforlag.se\/?page_id=20","title":{"rendered":"Om Doppelg\u00e4nger"},"content":{"rendered":"<p>Doppelg\u00e4nger \u00e4r ett oberoende bokf\u00f6rlag i Malm\u00f6 som ger ut romaner inom varierande genrer. Dock har vi en f\u00f6rk\u00e4rlek f\u00f6r det udda och s\u00e4regna.<\/p>\n","protected":false},"excerpt":{"rendered":"<p>Doppelg\u00e4nger \u00e4r ett oberoende bokf\u00f6rlag i Malm\u00f6 som ger ut romaner inom varierande genrer. Dock har vi en f\u00f6rk\u00e4rlek f\u00f6r det udda och s\u00e4regna.<\/p>\n","protected":false},"author":1,"featured_media":0,"parent":0,"menu_order":40,"comment_status":"closed","ping_status":"closed","template":"template-full-width.php","meta":[],"_links":{"self":[{"href":"https:\/\/www.doppelgangerforlag.se\/index.php?rest_route=\/wp\/v2\/pages\/20"}],"collection":[{"href":"https:\/\/www.doppelgangerforlag.se\/index.php?rest_route=\/wp\/v2\/pages"}],"about":[{"href":"https:\/\/www.doppelgangerforlag.se\/index.php?rest_route=\/wp\/v2\/types\/page"}],"author":[{"embeddable":true,"href":"https:\/\/www.doppelgangerforlag.se\/index.php?rest_route=\/wp\/v2\/users\/1"}],"replies":[{"embeddable":true,"href":"https:\/\/www.doppelgangerforlag.se\/index.php?rest_route=%2Fwp%2Fv2%2Fcomments&post=20"}],"version-history":[{"count":6,"href":"https:\/\/www.doppelgangerforlag.se\/index.php?rest_route=\/wp\/v2\/pages\/20\/revisions"}],"predecessor-version":[{"id":293,"href":"https:\/\/www.doppelgangerforlag.se\/index.php?rest_route=\/wp\/v2\/pages\/20\/revisions\/293"}],"wp:attachment":[{"href":"https:\/\/www.doppelgangerforlag.se\/index.php?rest_route=%2Fwp%2Fv2%2Fmedia&parent=20"}],"curies":[{"name":"wp","href":"https:\/\/api.w.org\/{rel}","templated":true}]}}