{"id":196,"date":"2016-09-06T11:06:49","date_gmt":"2016-09-06T10:06:49","guid":{"rendered":"http:\/\/www.doppelgangerforlag.se\/?page_id=196"},"modified":"2020-12-07T14:58:14","modified_gmt":"2020-12-07T13:58:14","slug":"barrfiolernas-rike","status":"publish","type":"page","link":"https:\/\/www.doppelgangerforlag.se\/?page_id=196","title":{"rendered":"Barrfiolernas rike"},"content":{"rendered":"<p><em><a href=\"https:\/\/www.doppelgangerforlag.se\/wp-content\/uploads\/2016\/10\/Barrfiolernas-rike_omslagsbild.jpg\"><img loading=\"lazy\" class=\"alignleft wp-image-229\" src=\"https:\/\/www.doppelgangerforlag.se\/wp-content\/uploads\/2016\/10\/Barrfiolernas-rike_omslagsbild-480x280.jpg\" alt=\"barrfiolernas-rike_omslagsbild\" width=\"200\" height=\"279\" srcset=\"https:\/\/www.doppelgangerforlag.se\/wp-content\/uploads\/2016\/10\/Barrfiolernas-rike_omslagsbild-632x881.jpg 632w, https:\/\/www.doppelgangerforlag.se\/wp-content\/uploads\/2016\/10\/Barrfiolernas-rike_omslagsbild-768x1070.jpg 768w, https:\/\/www.doppelgangerforlag.se\/wp-content\/uploads\/2016\/10\/Barrfiolernas-rike_omslagsbild-1020x1421.jpg 1020w, https:\/\/www.doppelgangerforlag.se\/wp-content\/uploads\/2016\/10\/Barrfiolernas-rike_omslagsbild-956x1332.jpg 956w, https:\/\/www.doppelgangerforlag.se\/wp-content\/uploads\/2016\/10\/Barrfiolernas-rike_omslagsbild.jpg 1441w\" sizes=\"(max-width: 200px) 100vw, 200px\" \/><\/a>Barrfiolernas rike<\/em> \u00e4r en suggestiv och sm\u00e5tt hallucinatorisk sp\u00f6khistoria om m\u00f6rka livs\u00f6den och minnen som slagit rot djupt inne i de finska granskogarna.<br \/>\nN\u00e4r Miika f\u00e5r reda p\u00e5 att hans annars fattiga familj \u00e4ger en sl\u00e4ktstuga djupt inne i de finska skogarna ser han en m\u00f6jlighet att fly f\u00f6rortens G\u00f6teborg och l\u00e4mna sina nattliga mardr\u00f6mmar och meningsl\u00f6sa tillvaro bakom sig. \u00c4ntligen ska han f\u00e5 skrivro och uppfylla sin dr\u00f6m att f\u00e4rdigst\u00e4lla en roman. Och i b\u00e4sta fall f\u00e5 veta mer om sin sl\u00e4kts historia, som hans mor av n\u00e5gon anledning h\u00e5llit hemlig f\u00f6r honom. Men han har inte en aning om vilka omskakande och skr\u00e4ckfyllda upplevelser som v\u00e4ntar honom. Hemska hemligheter tycks ha fastnat i stugans v\u00e4ggar och golv och Miika \u00e4r inte f\u00f6rberedd p\u00e5 den enorma kraft som bortgl\u00f6mda minnen kan ha. L\u00e5ngsamt sipprar och tr\u00e4nger sig stugans fruktansv\u00e4rda historia in i Miikas medvetande och mot sin vilja har han pl\u00f6tsligt f\u00e5tt en viktig och farlig roll i sl\u00e4ktens historia.<\/p>\n<p><em>Barrfiolernas rike<\/em> finns att k\u00f6pa i v\u00e5r <a href=\"https:\/\/doppelganger.storedo.com\/\"><strong>shop<\/strong><\/a> eller hos n\u00e4tbokhandlarna.<\/p>\n<p>R\u00f6ster om <em>Barrfiolernas rike<\/em>:<\/p>\n<p>\u201dL\u00e4sv\u00e4rd sp\u00f6khistoria fr\u00e5n finl\u00e4ndska landsbygden.\u201d<br \/>\n\u2013 <em>Bor\u00e5s Tidning<br \/>\n<\/em><\/p>\n<p>\u201dJoni Huttunen har ett enkelt och stilfullt spr\u00e5k som skildrar den finska naturen med s\u00e5 stark inlevelse att varje tr\u00e4d d\u00e4rute i skogen stundtals k\u00e4nns som en egen karakt\u00e4r. Helhetsbetyg: 4.\u201d<br \/>\n\u2013 <em>Johan Kennebj\u00f6rk (BTJ-h\u00e4ftet)<br \/>\n<\/em><\/p>\n<p>&#8220;L\u00e4skig, m\u00f6rk &amp; sp\u00e4nnande! Betyg 4\/5.&#8221;<br \/>\n<em>\u2013 Jennies boklista<\/em><\/p>\n<p><strong>Format<\/strong>: Danskt band<br \/>\n<strong>Utgivningsdatum<\/strong>: 25 november 2016<br \/>\n<strong>Antal sidor<\/strong>: 144<\/p>\n","protected":false},"excerpt":{"rendered":"<p>Barrfiolernas rike \u00e4r en suggestiv och sm\u00e5tt hallucinatorisk sp\u00f6khistoria om m\u00f6rka livs\u00f6den och minnen som slagit rot djupt inne i de finska granskogarna. N\u00e4r Miika f\u00e5r reda p\u00e5 att hans annars fattiga familj \u00e4ger en sl\u00e4ktstuga djupt inne i de&#8230;<br \/><a class=\"read-more-button\" href=\"https:\/\/www.doppelgangerforlag.se\/?page_id=196\">Read more<\/a><\/p>\n","protected":false},"author":1,"featured_media":0,"parent":0,"menu_order":0,"comment_status":"closed","ping_status":"closed","template":"template-full-width.php","meta":[],"_links":{"self":[{"href":"https:\/\/www.doppelgangerforlag.se\/index.php?rest_route=\/wp\/v2\/pages\/196"}],"collection":[{"href":"https:\/\/www.doppelgangerforlag.se\/index.php?rest_route=\/wp\/v2\/pages"}],"about":[{"href":"https:\/\/www.doppelgangerforlag.se\/index.php?rest_route=\/wp\/v2\/types\/page"}],"author":[{"embeddable":true,"href":"https:\/\/www.doppelgangerforlag.se\/index.php?rest_route=\/wp\/v2\/users\/1"}],"replies":[{"embeddable":true,"href":"https:\/\/www.doppelgangerforlag.se\/index.php?rest_route=%2Fwp%2Fv2%2Fcomments&post=196"}],"version-history":[{"count":12,"href":"https:\/\/www.doppelgangerforlag.se\/index.php?rest_route=\/wp\/v2\/pages\/196\/revisions"}],"predecessor-version":[{"id":354,"href":"https:\/\/www.doppelgangerforlag.se\/index.php?rest_route=\/wp\/v2\/pages\/196\/revisions\/354"}],"wp:attachment":[{"href":"https:\/\/www.doppelgangerforlag.se\/index.php?rest_route=%2Fwp%2Fv2%2Fmedia&parent=196"}],"curies":[{"name":"wp","href":"https:\/\/api.w.org\/{rel}","templated":true}]}}