{"id":161,"date":"2016-05-03T13:09:02","date_gmt":"2016-05-03T12:09:02","guid":{"rendered":"http:\/\/www.doppelgangerforlag.se\/?page_id=161"},"modified":"2019-04-23T20:41:13","modified_gmt":"2019-04-23T19:41:13","slug":"press","status":"publish","type":"page","link":"https:\/\/www.doppelgangerforlag.se\/?page_id=161","title":{"rendered":"Press"},"content":{"rendered":"<p>H\u00e4r kan du ladda ner h\u00f6guppl\u00f6sta omslag p\u00e5 v\u00e5ra b\u00f6cker och f\u00f6rfattare!<\/p>\n<p><strong>F\u00f6rfattare<\/strong><\/p>\n<p><a href=\"https:\/\/www.doppelgangerforlag.se\/wp-content\/uploads\/2016\/05\/P4172174.jpg\">Nils Fredrik Kullenberg<\/a><\/p>\n<p><a href=\"https:\/\/www.doppelgangerforlag.se\/wp-content\/uploads\/2016\/02\/chuckBW1.jpg\">Chuck Palahniuk<\/a><\/p>\n<p><a href=\"https:\/\/www.doppelgangerforlag.se\/wp-content\/uploads\/2016\/08\/IMG_6567.jpg\">Joni Huttunen<\/a><\/p>\n<p><strong>B\u00f6cker<\/strong><\/p>\n<p><a href=\"https:\/\/www.doppelgangerforlag.se\/wp-content\/uploads\/2016\/05\/NN_omslagsbild.jpg\">Nomen Nescio<\/a><\/p>\n<p><a href=\"https:\/\/www.doppelgangerforlag.se\/wp-content\/uploads\/2015\/12\/Gallring_test3.jpg\">Gallring<\/a><\/p>\n<p><a href=\"https:\/\/www.doppelgangerforlag.se\/wp-content\/uploads\/2016\/10\/Barrfiolernas-rike_omslagsbild.jpg\">Barrfiolernas rike<\/a><\/p>\n<p><a href=\"https:\/\/www.doppelgangerforlag.se\/wp-content\/uploads\/2019\/03\/Elddjur_omslagsbild.jpg\">Elddjur<\/a><\/p>\n<p><a href=\"https:\/\/www.doppelgangerforlag.se\/wp-content\/uploads\/2019\/04\/Staden-Staden_omslagsbild.jpg\">Staden &amp; Staden<\/a><\/p>\n","protected":false},"excerpt":{"rendered":"<p>H\u00e4r kan du ladda ner h\u00f6guppl\u00f6sta omslag p\u00e5 v\u00e5ra b\u00f6cker och f\u00f6rfattare! F\u00f6rfattare Nils Fredrik Kullenberg Chuck Palahniuk Joni Huttunen B\u00f6cker Nomen Nescio Gallring Barrfiolernas rike Elddjur Staden &amp; Staden<\/p>\n","protected":false},"author":1,"featured_media":0,"parent":0,"menu_order":70,"comment_status":"closed","ping_status":"closed","template":"template-full-width.php","meta":[],"_links":{"self":[{"href":"https:\/\/www.doppelgangerforlag.se\/index.php?rest_route=\/wp\/v2\/pages\/161"}],"collection":[{"href":"https:\/\/www.doppelgangerforlag.se\/index.php?rest_route=\/wp\/v2\/pages"}],"about":[{"href":"https:\/\/www.doppelgangerforlag.se\/index.php?rest_route=\/wp\/v2\/types\/page"}],"author":[{"embeddable":true,"href":"https:\/\/www.doppelgangerforlag.se\/index.php?rest_route=\/wp\/v2\/users\/1"}],"replies":[{"embeddable":true,"href":"https:\/\/www.doppelgangerforlag.se\/index.php?rest_route=%2Fwp%2Fv2%2Fcomments&post=161"}],"version-history":[{"count":11,"href":"https:\/\/www.doppelgangerforlag.se\/index.php?rest_route=\/wp\/v2\/pages\/161\/revisions"}],"predecessor-version":[{"id":337,"href":"https:\/\/www.doppelgangerforlag.se\/index.php?rest_route=\/wp\/v2\/pages\/161\/revisions\/337"}],"wp:attachment":[{"href":"https:\/\/www.doppelgangerforlag.se\/index.php?rest_route=%2Fwp%2Fv2%2Fmedia&parent=161"}],"curies":[{"name":"wp","href":"https:\/\/api.w.org\/{rel}","templated":true}]}}