{"id":102,"date":"2015-12-08T10:52:14","date_gmt":"2015-12-08T09:52:14","guid":{"rendered":"http:\/\/www.doppelgangerforlag.se\/?page_id=102"},"modified":"2020-12-07T14:58:54","modified_gmt":"2020-12-07T13:58:54","slug":"lullaby","status":"publish","type":"page","link":"https:\/\/www.doppelgangerforlag.se\/?page_id=102","title":{"rendered":"Gallring"},"content":{"rendered":"<p><a href=\"https:\/\/www.doppelgangerforlag.se\/wp-content\/uploads\/2015\/12\/Gallring_test3.jpg\"><img loading=\"lazy\" class=\"alignleft wp-image-221\" src=\"https:\/\/www.doppelgangerforlag.se\/wp-content\/uploads\/2015\/12\/Gallring_test3-480x280.jpg\" alt=\"gallring\" width=\"200\" height=\"311\" srcset=\"https:\/\/www.doppelgangerforlag.se\/wp-content\/uploads\/2015\/12\/Gallring_test3-632x983.jpg 632w, https:\/\/www.doppelgangerforlag.se\/wp-content\/uploads\/2015\/12\/Gallring_test3-768x1195.jpg 768w, https:\/\/www.doppelgangerforlag.se\/wp-content\/uploads\/2015\/12\/Gallring_test3-1020x1587.jpg 1020w, https:\/\/www.doppelgangerforlag.se\/wp-content\/uploads\/2015\/12\/Gallring_test3-956x1487.jpg 956w, https:\/\/www.doppelgangerforlag.se\/wp-content\/uploads\/2015\/12\/Gallring_test3.jpg 1594w\" sizes=\"(max-width: 200px) 100vw, 200px\" \/><\/a>Journalisten Carl Streator f\u00e5r i uppdrag att skriva en artikelserie om pl\u00f6tslig sp\u00e4dbarnsd\u00f6d. Efter att ha unders\u00f6kt n\u00e5gra d\u00f6dsfall uppt\u00e4cker han att i samtliga fall har f\u00f6r\u00e4ldrarna l\u00e4st en dikt ur samma biblioteksbok kv\u00e4llen f\u00f6re. Dikten \u00e4r en ur\u00e5ldrig afrikansk trollformel som anv\u00e4ndes f\u00f6r att ge gamla och sjuka en sm\u00e4rtfri d\u00f6d. Han uppt\u00e4cker ocks\u00e5 att det \u00e4r samma dikt som gjorde att han r\u00e5kade ta livet av sin fru och deras barn tjugo \u00e5r tidigare. Tillsammans med Helen Hoover Boyle, en samvetsl\u00f6s m\u00e4klare som ocks\u00e5 r\u00e5kat d\u00f6da sitt barn med samma dikt, ger han sig ut f\u00f6r att f\u00f6rs\u00f6ka hitta och f\u00f6rst\u00f6ra alla exemplar av boken. Men det finns en hake; Carl har mot sin vilja lyckats memorera hela dikten i sitt huvud och m\u00e5ste nu till varje pris f\u00f6rs\u00f6ka undvika att ta livet av alla m\u00e4nniskor han m\u00f6ter.<\/p>\n<p><em>Gallring<\/em> \u00e4r en skruvad thriller, en svart komedi, fullt i klass med <em>Fight Club<\/em>.<\/p>\n<p><em>Gallring<\/em> finns att k\u00f6pa i v\u00e5r <a href=\"https:\/\/doppelganger.storedo.com\/\"><strong>shop<\/strong><\/a> eller hos n\u00e4tbokhandlarna.<\/p>\n<p>R\u00f6ster om <em>Gallring<\/em>:<\/p>\n<p>\u201dUppr\u00f6rande svart komik av den sort du kan v\u00e4nta dig fr\u00e5n Palahniuk.\u201d<br \/>\n\u2013 <em>Kirkus Reviews (Starred Review)<\/em><\/p>\n<p><em>\u00a0<\/em>\u201dLikt Kurt Vonnegut jonglerar Palahniuk med nihilism och idealism p\u00e5 ett ledigt och sorgl\u00f6st vis.\u201d<br \/>\n\u2013 <em>New York Times<\/em><\/p>\n<p>\u201dDet finns fler uppslag till intriger p\u00e5 de f\u00f6rsta trettio sidorna av <em>Gallring<\/em> \u00e4n m\u00e5nga f\u00f6rfattare lyckas med i en hel bok.\u201d<br \/>\n\u2013<em> The Independent<br \/>\n<\/em><\/p>\n<p><strong>Format<\/strong>: Danskt band<br \/>\n<strong>Utgivningsdatum<\/strong>: 25 november 2016<br \/>\n<strong>Antal sidor<\/strong>: 233<br \/>\n<strong>\u00d6vers\u00e4ttare<\/strong>: Fredrik Malmquist<br \/>\n<strong>Originaltitel<\/strong>: Lullaby<\/p>\n","protected":false},"excerpt":{"rendered":"<p>Journalisten Carl Streator f\u00e5r i uppdrag att skriva en artikelserie om pl\u00f6tslig sp\u00e4dbarnsd\u00f6d. Efter att ha unders\u00f6kt n\u00e5gra d\u00f6dsfall uppt\u00e4cker han att i samtliga fall har f\u00f6r\u00e4ldrarna l\u00e4st en dikt ur samma biblioteksbok kv\u00e4llen f\u00f6re. Dikten \u00e4r en ur\u00e5ldrig afrikansk&#8230;<br \/><a class=\"read-more-button\" href=\"https:\/\/www.doppelgangerforlag.se\/?page_id=102\">Read more<\/a><\/p>\n","protected":false},"author":1,"featured_media":0,"parent":0,"menu_order":0,"comment_status":"closed","ping_status":"closed","template":"template-full-width.php","meta":[],"_links":{"self":[{"href":"https:\/\/www.doppelgangerforlag.se\/index.php?rest_route=\/wp\/v2\/pages\/102"}],"collection":[{"href":"https:\/\/www.doppelgangerforlag.se\/index.php?rest_route=\/wp\/v2\/pages"}],"about":[{"href":"https:\/\/www.doppelgangerforlag.se\/index.php?rest_route=\/wp\/v2\/types\/page"}],"author":[{"embeddable":true,"href":"https:\/\/www.doppelgangerforlag.se\/index.php?rest_route=\/wp\/v2\/users\/1"}],"replies":[{"embeddable":true,"href":"https:\/\/www.doppelgangerforlag.se\/index.php?rest_route=%2Fwp%2Fv2%2Fcomments&post=102"}],"version-history":[{"count":12,"href":"https:\/\/www.doppelgangerforlag.se\/index.php?rest_route=\/wp\/v2\/pages\/102\/revisions"}],"predecessor-version":[{"id":355,"href":"https:\/\/www.doppelgangerforlag.se\/index.php?rest_route=\/wp\/v2\/pages\/102\/revisions\/355"}],"wp:attachment":[{"href":"https:\/\/www.doppelgangerforlag.se\/index.php?rest_route=%2Fwp%2Fv2%2Fmedia&parent=102"}],"curies":[{"name":"wp","href":"https:\/\/api.w.org\/{rel}","templated":true}]}}